{"id":11,"date":"2020-06-28T21:18:27","date_gmt":"2020-06-28T18:18:27","guid":{"rendered":"http:\/\/www.dendroloogia.ee\/wordpress\/?page_id=11"},"modified":"2023-10-01T12:09:56","modified_gmt":"2023-10-01T09:09:56","slug":"kontakt","status":"publish","type":"page","link":"https:\/\/www.dendroloogia.ee\/index.php\/kontakt\/","title":{"rendered":"Kontakt"},"content":{"rendered":"\n<div class=\"wp-block-group is-layout-flow wp-block-group-is-layout-flow\"><div class=\"wp-block-group__inner-container\">\n<p><strong>Deverde O\u00dc<\/strong><br>Kesktee 75, Tallinn<br>Tel. 6 662 662<br>e-mail: dendroloogia (at) deverde.ee<\/p>\n\n\n\n<p>Kui soovid hinnapakkumist, siis saada meile e-kiri v\u00f5i t\u00e4ida allolev vorm:<\/p>\n\n\n\n<div class=\"wpcf7 no-js\" id=\"wpcf7-f49-o1\" lang=\"en-GB\" dir=\"ltr\">\n<div class=\"screen-reader-response\"><p role=\"status\" aria-live=\"polite\" aria-atomic=\"true\"><\/p> <ul><\/ul><\/div>\n<form action=\"\/index.php\/wp-json\/wp\/v2\/pages\/11#wpcf7-f49-o1\" method=\"post\" class=\"wpcf7-form init\" aria-label=\"Contact form\" novalidate=\"novalidate\" data-status=\"init\">\n<div style=\"display: none;\">\n<input type=\"hidden\" name=\"_wpcf7\" value=\"49\" \/>\n<input type=\"hidden\" name=\"_wpcf7_version\" value=\"5.7.4\" \/>\n<input type=\"hidden\" name=\"_wpcf7_locale\" value=\"en_GB\" \/>\n<input type=\"hidden\" name=\"_wpcf7_unit_tag\" value=\"wpcf7-f49-o1\" \/>\n<input type=\"hidden\" name=\"_wpcf7_container_post\" value=\"0\" \/>\n<input type=\"hidden\" name=\"_wpcf7_posted_data_hash\" value=\"\" \/>\n<input type=\"hidden\" name=\"_wpcf7_recaptcha_response\" value=\"\" \/>\n<\/div>\n<p><label> Nimi (n\u00f5utav)<br \/>\n<span class=\"wpcf7-form-control-wrap\" data-name=\"your-name\"><input size=\"40\" class=\"wpcf7-form-control wpcf7-text wpcf7-validates-as-required\" aria-required=\"true\" aria-invalid=\"false\" value=\"\" type=\"text\" name=\"your-name\" \/><\/span> <\/label><br \/>\n<label> E-post (n\u00f5utav)<br \/>\n<span class=\"wpcf7-form-control-wrap\" data-name=\"your-email\"><input size=\"40\" class=\"wpcf7-form-control wpcf7-text wpcf7-email wpcf7-validates-as-required wpcf7-validates-as-email\" aria-required=\"true\" aria-invalid=\"false\" value=\"\" type=\"email\" name=\"your-email\" \/><\/span> <\/label><br \/>\n<label> Teema<br \/>\n<span class=\"wpcf7-form-control-wrap\" data-name=\"your-subject\"><input size=\"40\" class=\"wpcf7-form-control wpcf7-text\" aria-invalid=\"false\" value=\"\" type=\"text\" name=\"your-subject\" \/><\/span> <\/label><br \/>\n<label> S\u00f5num<br \/>\n<span class=\"wpcf7-form-control-wrap\" data-name=\"your-message\"><textarea cols=\"40\" rows=\"10\" class=\"wpcf7-form-control wpcf7-textarea\" aria-invalid=\"false\" name=\"your-message\"><\/textarea><\/span> <\/label><br \/>\n<input class=\"wpcf7-form-control has-spinner wpcf7-submit\" type=\"submit\" value=\"Saada\" \/>\n<\/p><div class=\"wpcf7-response-output\" aria-hidden=\"true\"><\/div>\n<\/form>\n<\/div>\n\n<\/div><\/div>\n\n\n\n<p><\/p>\n","protected":false},"excerpt":{"rendered":"<p>Deverde O\u00dcKesktee 75, TallinnTel. 6 662 662e-mail: dendroloogia (at) deverde.ee Kui soovid hinnapakkumist, siis saada meile e-kiri v\u00f5i t\u00e4ida allolev vorm:<\/p>\n","protected":false},"author":1,"featured_media":0,"parent":0,"menu_order":0,"comment_status":"closed","ping_status":"closed","template":"","meta":{"footnotes":""},"yoast_head":"<!-- This site is optimized with the Yoast SEO plugin v21.9.1 - https:\/\/yoast.com\/wordpress\/plugins\/seo\/ -->\n<title>Kontakt - Dendroloogia<\/title>\n<meta name=\"description\" content=\"Vajad abi dendroloogilise hinnangu koostamisel? Aitame hoonete sobiva asukoha leidmisel, s\u00e4ilitades v\u00f5imalikult palju v\u00e4\u00e4rtuslikust haljastusest.\" \/>\n<meta name=\"robots\" content=\"index, follow, max-snippet:-1, max-image-preview:large, max-video-preview:-1\" \/>\n<link rel=\"canonical\" href=\"https:\/\/www.dendroloogia.ee\/index.php\/kontakt\/\" \/>\n<meta name=\"twitter:card\" content=\"summary_large_image\" \/>\n<meta name=\"twitter:title\" content=\"Kontakt - Dendroloogia\" \/>\n<meta name=\"twitter:description\" content=\"Vajad abi dendroloogilise hinnangu koostamisel? Aitame hoonete sobiva asukoha leidmisel, s\u00e4ilitades v\u00f5imalikult palju v\u00e4\u00e4rtuslikust haljastusest.\" \/>\n<meta name=\"twitter:label1\" content=\"Estimated reading time\" \/>\n\t<meta name=\"twitter:data1\" content=\"1 minute\" \/>\n<script type=\"application\/ld+json\" class=\"yoast-schema-graph\">{\"@context\":\"https:\/\/schema.org\",\"@graph\":[{\"@type\":\"WebPage\",\"@id\":\"https:\/\/www.dendroloogia.ee\/index.php\/kontakt\/\",\"url\":\"https:\/\/www.dendroloogia.ee\/index.php\/kontakt\/\",\"name\":\"Kontakt - Dendroloogia\",\"isPartOf\":{\"@id\":\"https:\/\/www.dendroloogia.ee\/#website\"},\"datePublished\":\"2020-06-28T18:18:27+00:00\",\"dateModified\":\"2023-10-01T09:09:56+00:00\",\"description\":\"Vajad abi dendroloogilise hinnangu koostamisel? Aitame hoonete sobiva asukoha leidmisel, s\u00e4ilitades v\u00f5imalikult palju v\u00e4\u00e4rtuslikust haljastusest.\",\"breadcrumb\":{\"@id\":\"https:\/\/www.dendroloogia.ee\/index.php\/kontakt\/#breadcrumb\"},\"inLanguage\":\"en-GB\",\"potentialAction\":[{\"@type\":\"ReadAction\",\"target\":[\"https:\/\/www.dendroloogia.ee\/index.php\/kontakt\/\"]}]},{\"@type\":\"BreadcrumbList\",\"@id\":\"https:\/\/www.dendroloogia.ee\/index.php\/kontakt\/#breadcrumb\",\"itemListElement\":[{\"@type\":\"ListItem\",\"position\":1,\"name\":\"Home\",\"item\":\"https:\/\/www.dendroloogia.ee\/\"},{\"@type\":\"ListItem\",\"position\":2,\"name\":\"Kontakt\"}]},{\"@type\":\"WebSite\",\"@id\":\"https:\/\/www.dendroloogia.ee\/#website\",\"url\":\"https:\/\/www.dendroloogia.ee\/\",\"name\":\"Dendroloogia\",\"description\":\"\",\"potentialAction\":[{\"@type\":\"SearchAction\",\"target\":{\"@type\":\"EntryPoint\",\"urlTemplate\":\"https:\/\/www.dendroloogia.ee\/?s={search_term_string}\"},\"query-input\":\"required name=search_term_string\"}],\"inLanguage\":\"en-GB\"}]}<\/script>\n<!-- \/ Yoast SEO plugin. -->","yoast_head_json":{"title":"Kontakt - Dendroloogia","description":"Vajad abi dendroloogilise hinnangu koostamisel? Aitame hoonete sobiva asukoha leidmisel, s\u00e4ilitades v\u00f5imalikult palju v\u00e4\u00e4rtuslikust haljastusest.","robots":{"index":"index","follow":"follow","max-snippet":"max-snippet:-1","max-image-preview":"max-image-preview:large","max-video-preview":"max-video-preview:-1"},"canonical":"https:\/\/www.dendroloogia.ee\/index.php\/kontakt\/","twitter_card":"summary_large_image","twitter_title":"Kontakt - Dendroloogia","twitter_description":"Vajad abi dendroloogilise hinnangu koostamisel? Aitame hoonete sobiva asukoha leidmisel, s\u00e4ilitades v\u00f5imalikult palju v\u00e4\u00e4rtuslikust haljastusest.","twitter_misc":{"Estimated reading time":"1 minute"},"schema":{"@context":"https:\/\/schema.org","@graph":[{"@type":"WebPage","@id":"https:\/\/www.dendroloogia.ee\/index.php\/kontakt\/","url":"https:\/\/www.dendroloogia.ee\/index.php\/kontakt\/","name":"Kontakt - Dendroloogia","isPartOf":{"@id":"https:\/\/www.dendroloogia.ee\/#website"},"datePublished":"2020-06-28T18:18:27+00:00","dateModified":"2023-10-01T09:09:56+00:00","description":"Vajad abi dendroloogilise hinnangu koostamisel? Aitame hoonete sobiva asukoha leidmisel, s\u00e4ilitades v\u00f5imalikult palju v\u00e4\u00e4rtuslikust haljastusest.","breadcrumb":{"@id":"https:\/\/www.dendroloogia.ee\/index.php\/kontakt\/#breadcrumb"},"inLanguage":"en-GB","potentialAction":[{"@type":"ReadAction","target":["https:\/\/www.dendroloogia.ee\/index.php\/kontakt\/"]}]},{"@type":"BreadcrumbList","@id":"https:\/\/www.dendroloogia.ee\/index.php\/kontakt\/#breadcrumb","itemListElement":[{"@type":"ListItem","position":1,"name":"Home","item":"https:\/\/www.dendroloogia.ee\/"},{"@type":"ListItem","position":2,"name":"Kontakt"}]},{"@type":"WebSite","@id":"https:\/\/www.dendroloogia.ee\/#website","url":"https:\/\/www.dendroloogia.ee\/","name":"Dendroloogia","description":"","potentialAction":[{"@type":"SearchAction","target":{"@type":"EntryPoint","urlTemplate":"https:\/\/www.dendroloogia.ee\/?s={search_term_string}"},"query-input":"required name=search_term_string"}],"inLanguage":"en-GB"}]}},"_links":{"self":[{"href":"https:\/\/www.dendroloogia.ee\/index.php\/wp-json\/wp\/v2\/pages\/11"}],"collection":[{"href":"https:\/\/www.dendroloogia.ee\/index.php\/wp-json\/wp\/v2\/pages"}],"about":[{"href":"https:\/\/www.dendroloogia.ee\/index.php\/wp-json\/wp\/v2\/types\/page"}],"author":[{"embeddable":true,"href":"https:\/\/www.dendroloogia.ee\/index.php\/wp-json\/wp\/v2\/users\/1"}],"replies":[{"embeddable":true,"href":"https:\/\/www.dendroloogia.ee\/index.php\/wp-json\/wp\/v2\/comments?post=11"}],"version-history":[{"count":12,"href":"https:\/\/www.dendroloogia.ee\/index.php\/wp-json\/wp\/v2\/pages\/11\/revisions"}],"predecessor-version":[{"id":248,"href":"https:\/\/www.dendroloogia.ee\/index.php\/wp-json\/wp\/v2\/pages\/11\/revisions\/248"}],"wp:attachment":[{"href":"https:\/\/www.dendroloogia.ee\/index.php\/wp-json\/wp\/v2\/media?parent=11"}],"curies":[{"name":"wp","href":"https:\/\/api.w.org\/{rel}","templated":true}]}}