{"id":17,"date":"2020-06-28T21:24:36","date_gmt":"2020-06-28T18:24:36","guid":{"rendered":"http:\/\/www.dendroloogia.ee\/wordpress\/?page_id=17"},"modified":"2021-06-13T23:15:28","modified_gmt":"2021-06-13T20:15:28","slug":"home","status":"publish","type":"page","link":"https:\/\/www.dendroloogia.ee\/index.php\/home\/","title":{"rendered":"Dendroloogia"},"content":{"rendered":"\n<p>Dendroloogia on teadusharu, mis uurib, kirjeldab, s\u00fcstematiseerib ja klassifitseerib puittaimi nende ehituse, v\u00e4limuse, fenoloogia ja kasutamise j\u00e4rgi, j\u00e4lgib puittaimede arengut ning liikide liikumisi ajas ja ruumis. Kitsama k\u00e4sitluse j\u00e4rgi m\u00f5eldakse dendroloogia all puittaimede identifitseerimist ja kirjeldamist. <\/p>\n\n\n\n<p>Puittaimed on puitunud v\u00f5i korgistunud t\u00fcvega (varrega) taim, mille eluiga on pikem, kui kaks vegetatsiooniperioodi. Puittaimed jagunevad:<\/p>\n\n\n\n<p class=\"has-text-align-left\"><strong>puudeks ja p\u00f5\u00f5sasteks<\/strong><br>  o Puu on pikaealine (50 &#8211; 5 000 a) puittaim, millel on v\u00e4hemalt \u00fcks vertikaalasendis olev t\u00fcvi. Puu v\u00f5ra moodustub k\u00fclgokstest ning see kinnitub t\u00fcvele maapinnast k\u00f5rgemal. Puu k\u00f5rgus k\u00fcpses eas on reeglina v\u00e4hemalt 6 m.<br>o P\u00f5\u00f5sas on puittaim, mille varred harunevad maapinna l\u00e4hedal ning millel puudub selge vertikaalne t\u00fcvi. P\u00f5\u00f5sa uued v\u00f5rsed tekivad juurekaelast ning selle v\u00f5ra ulatub maapinnani. P\u00f5\u00f5sa k\u00f5rgus k\u00fcpsena j\u00e4\u00e4b reeglina alla 6 m.<\/p>\n\n\n\n<p class=\"has-text-align-left\"><strong>igihaljasteks, pooligihaljasteks ja heitlehisteks<br><\/strong>o Igihaljad taimed on kogu aeg rohelised, nende lehed (sh okkad) varisevad vaid v\u00f5ra sisemisest osast.<br>o Pooligihaljaste taimede lehed varisevad kevadel, p\u00e4rast uute lehtede ilmumist.<br>o Heitlehistel taimedel varisevad lehed igal aastal, sobimatute ilmastikutingimuste saabudes.<\/p>\n","protected":false},"excerpt":{"rendered":"<p>Dendroloogia on teadusharu, mis uurib, kirjeldab, s\u00fcstematiseerib ja klassifitseerib puittaimi nende ehituse, v\u00e4limuse, fenoloogia ja kasutamise j\u00e4rgi, j\u00e4lgib puittaimede arengut ning liikide liikumisi ajas ja ruumis. Kitsama k\u00e4sitluse j\u00e4rgi m\u00f5eldakse dendroloogia all puittaimede identifitseerimist ja kirjeldamist. Puittaimed on puitunud v\u00f5i [&hellip;]<\/p>\n","protected":false},"author":1,"featured_media":0,"parent":0,"menu_order":0,"comment_status":"closed","ping_status":"closed","template":"","meta":{"footnotes":""},"yoast_head":"<!-- This site is optimized with the Yoast SEO plugin v21.9.1 - https:\/\/yoast.com\/wordpress\/plugins\/seo\/ -->\n<title>Dendroloogia - Dendroloogia<\/title>\n<meta name=\"description\" content=\"Dendroloogia uurib, kirjeldab, s\u00fcstematiseerib ja klassifitseerib puittaimi nende ehituse, v\u00e4limuse, fenoloogia ja kasutamise j\u00e4rgi.\" \/>\n<meta name=\"robots\" content=\"index, follow, max-snippet:-1, max-image-preview:large, max-video-preview:-1\" \/>\n<link rel=\"canonical\" href=\"https:\/\/www.dendroloogia.ee\/index.php\/home\/\" \/>\n<meta name=\"twitter:card\" content=\"summary_large_image\" \/>\n<meta name=\"twitter:title\" content=\"Dendroloogia - Dendroloogia\" \/>\n<meta name=\"twitter:description\" content=\"Dendroloogia uurib, kirjeldab, s\u00fcstematiseerib ja klassifitseerib puittaimi nende ehituse, v\u00e4limuse, fenoloogia ja kasutamise j\u00e4rgi.\" \/>\n<meta name=\"twitter:label1\" content=\"Estimated reading time\" \/>\n\t<meta name=\"twitter:data1\" content=\"1 minute\" \/>\n<script type=\"application\/ld+json\" class=\"yoast-schema-graph\">{\"@context\":\"https:\/\/schema.org\",\"@graph\":[{\"@type\":\"WebPage\",\"@id\":\"https:\/\/www.dendroloogia.ee\/index.php\/home\/\",\"url\":\"https:\/\/www.dendroloogia.ee\/index.php\/home\/\",\"name\":\"Dendroloogia - Dendroloogia\",\"isPartOf\":{\"@id\":\"https:\/\/www.dendroloogia.ee\/#website\"},\"datePublished\":\"2020-06-28T18:24:36+00:00\",\"dateModified\":\"2021-06-13T20:15:28+00:00\",\"description\":\"Dendroloogia uurib, kirjeldab, s\u00fcstematiseerib ja klassifitseerib puittaimi nende ehituse, v\u00e4limuse, fenoloogia ja kasutamise j\u00e4rgi.\",\"breadcrumb\":{\"@id\":\"https:\/\/www.dendroloogia.ee\/index.php\/home\/#breadcrumb\"},\"inLanguage\":\"en-GB\",\"potentialAction\":[{\"@type\":\"ReadAction\",\"target\":[\"https:\/\/www.dendroloogia.ee\/index.php\/home\/\"]}]},{\"@type\":\"BreadcrumbList\",\"@id\":\"https:\/\/www.dendroloogia.ee\/index.php\/home\/#breadcrumb\",\"itemListElement\":[{\"@type\":\"ListItem\",\"position\":1,\"name\":\"Home\",\"item\":\"https:\/\/www.dendroloogia.ee\/\"},{\"@type\":\"ListItem\",\"position\":2,\"name\":\"Dendroloogia\"}]},{\"@type\":\"WebSite\",\"@id\":\"https:\/\/www.dendroloogia.ee\/#website\",\"url\":\"https:\/\/www.dendroloogia.ee\/\",\"name\":\"Dendroloogia\",\"description\":\"\",\"potentialAction\":[{\"@type\":\"SearchAction\",\"target\":{\"@type\":\"EntryPoint\",\"urlTemplate\":\"https:\/\/www.dendroloogia.ee\/?s={search_term_string}\"},\"query-input\":\"required name=search_term_string\"}],\"inLanguage\":\"en-GB\"}]}<\/script>\n<!-- \/ Yoast SEO plugin. -->","yoast_head_json":{"title":"Dendroloogia - Dendroloogia","description":"Dendroloogia uurib, kirjeldab, s\u00fcstematiseerib ja klassifitseerib puittaimi nende ehituse, v\u00e4limuse, fenoloogia ja kasutamise j\u00e4rgi.","robots":{"index":"index","follow":"follow","max-snippet":"max-snippet:-1","max-image-preview":"max-image-preview:large","max-video-preview":"max-video-preview:-1"},"canonical":"https:\/\/www.dendroloogia.ee\/index.php\/home\/","twitter_card":"summary_large_image","twitter_title":"Dendroloogia - Dendroloogia","twitter_description":"Dendroloogia uurib, kirjeldab, s\u00fcstematiseerib ja klassifitseerib puittaimi nende ehituse, v\u00e4limuse, fenoloogia ja kasutamise j\u00e4rgi.","twitter_misc":{"Estimated reading time":"1 minute"},"schema":{"@context":"https:\/\/schema.org","@graph":[{"@type":"WebPage","@id":"https:\/\/www.dendroloogia.ee\/index.php\/home\/","url":"https:\/\/www.dendroloogia.ee\/index.php\/home\/","name":"Dendroloogia - Dendroloogia","isPartOf":{"@id":"https:\/\/www.dendroloogia.ee\/#website"},"datePublished":"2020-06-28T18:24:36+00:00","dateModified":"2021-06-13T20:15:28+00:00","description":"Dendroloogia uurib, kirjeldab, s\u00fcstematiseerib ja klassifitseerib puittaimi nende ehituse, v\u00e4limuse, fenoloogia ja kasutamise j\u00e4rgi.","breadcrumb":{"@id":"https:\/\/www.dendroloogia.ee\/index.php\/home\/#breadcrumb"},"inLanguage":"en-GB","potentialAction":[{"@type":"ReadAction","target":["https:\/\/www.dendroloogia.ee\/index.php\/home\/"]}]},{"@type":"BreadcrumbList","@id":"https:\/\/www.dendroloogia.ee\/index.php\/home\/#breadcrumb","itemListElement":[{"@type":"ListItem","position":1,"name":"Home","item":"https:\/\/www.dendroloogia.ee\/"},{"@type":"ListItem","position":2,"name":"Dendroloogia"}]},{"@type":"WebSite","@id":"https:\/\/www.dendroloogia.ee\/#website","url":"https:\/\/www.dendroloogia.ee\/","name":"Dendroloogia","description":"","potentialAction":[{"@type":"SearchAction","target":{"@type":"EntryPoint","urlTemplate":"https:\/\/www.dendroloogia.ee\/?s={search_term_string}"},"query-input":"required name=search_term_string"}],"inLanguage":"en-GB"}]}},"_links":{"self":[{"href":"https:\/\/www.dendroloogia.ee\/index.php\/wp-json\/wp\/v2\/pages\/17"}],"collection":[{"href":"https:\/\/www.dendroloogia.ee\/index.php\/wp-json\/wp\/v2\/pages"}],"about":[{"href":"https:\/\/www.dendroloogia.ee\/index.php\/wp-json\/wp\/v2\/types\/page"}],"author":[{"embeddable":true,"href":"https:\/\/www.dendroloogia.ee\/index.php\/wp-json\/wp\/v2\/users\/1"}],"replies":[{"embeddable":true,"href":"https:\/\/www.dendroloogia.ee\/index.php\/wp-json\/wp\/v2\/comments?post=17"}],"version-history":[{"count":10,"href":"https:\/\/www.dendroloogia.ee\/index.php\/wp-json\/wp\/v2\/pages\/17\/revisions"}],"predecessor-version":[{"id":122,"href":"https:\/\/www.dendroloogia.ee\/index.php\/wp-json\/wp\/v2\/pages\/17\/revisions\/122"}],"wp:attachment":[{"href":"https:\/\/www.dendroloogia.ee\/index.php\/wp-json\/wp\/v2\/media?parent=17"}],"curies":[{"name":"wp","href":"https:\/\/api.w.org\/{rel}","templated":true}]}}