{"id":19,"date":"2020-06-28T21:24:36","date_gmt":"2020-06-28T18:24:36","guid":{"rendered":"http:\/\/www.dendroloogia.ee\/wordpress\/?page_id=19"},"modified":"2021-11-05T21:21:36","modified_gmt":"2021-11-05T19:21:36","slug":"dendroloogia","status":"publish","type":"page","link":"https:\/\/www.dendroloogia.ee\/","title":{"rendered":"Dendroloogiline hinnang"},"content":{"rendered":"\n<p>Haljastuse inventeerimise (dendroloogilise hinnangu koostamise) vajaduse m\u00e4\u00e4rab \u00fcldjuhul kohalik omavalitsus. 20.06.2020 j\u00f5ustunud \u201e<a rel=\"noreferrer noopener\" href=\"https:\/\/www.riigiteataja.ee\/akt\/417062020004\" target=\"_blank\"><strong>Haljastuse inventeerimise kord<\/strong><\/a>\u201c reguleerib puittaimede ja haljastuse inventeerimist Tallinnas. <\/p>\n\n\n\n<p>Dendroloogiline hinnang on tavaliselt vajalik detailplaneeringute v\u00f5i ehitusprojektide koostamise koosseisus. Haljastuse inventuur (dendroloogiline hinnang) aitab planeerimise v\u00f5i projekteerimise k\u00e4igus teha \u00f5igeid otsuseid, et leida ehitistele sobivad asukohad, s\u00e4ilitades seejuures v\u00f5imalikult palju v\u00e4\u00e4rtuslikku haljastust.<br>Haljastusliku hinnangu (dendroloogilise inventuuri) k\u00e4igus tuvastatakse uuritaval alal leiduvad puittaimed (vajaduse korral ka rohttaimed), m\u00e4\u00e4ratakse nende liigiline kuuluvus, antakse hinnanguline v\u00e4\u00e4rtusklass ning m\u00f5\u00f5detakse puu t\u00fcve \u00fcmberm\u00f5\u00f5t\/diameeter. <\/p>\n\n\n\n<p>V\u00e4\u00e4rtusklass m\u00e4\u00e4ratakse puittaimedele m\u00e4\u00e4ruses toodud klassifikatsiooni alusel, kus v\u00f5etakse arvesse puu tervislikku seisukorda, kasvukuju vastavust liigi omadustele (ka v\u00f5ra s\u00fcmmeetrilisust), puuliigi esinemissagedust, sobivust antud asukohta ja selle perspektiivsust.<br>Haljastusliku hinnangu (dendroloogilise hinnangu) koostamiseks on vajalik digitaalse geoaluse olemasolu (m\u00f5\u00f5tkavas 1:500), millele on kantud puud, mille t\u00fcve l\u00e4bim\u00f5\u00f5t on 8 cm v\u00f5i rohkem. Kui m\u00f5ni (\u00fcle 8 cm diameetriga) puu on alusplaanilt puudu, kantakse selle orienteeruv asukoht asendiplaanile dendroloogilise hinnangu l\u00e4biviija poolt.<\/p>\n\n\n\n<p>Haljastusliku\/dendroloogilise hinnangu l\u00e4biviijal peab olema v\u00e4hemalt bakalaureusekraad (v\u00f5i sellega v\u00f5rdsustatud haridus) loodusteaduste v\u00f5i maastikuarhitektuuri erialal. Eriala omandamise k\u00e4igus (v\u00f5i t\u00e4iendus\u00f5ppena) peab tal olema l\u00e4bitud kas dendroloogia v\u00f5i puittaimede hindaja koolitus. Hinnangu l\u00e4biviimisel on vajalik ka Eesti kasvukohat\u00fc\u00fcpide ja kaitsealuste taimeliikide m\u00e4\u00e4ramise oskus. Vajaduse korral kaasatakse inventeerimisse botaanik, metsakorraldaja, arborist v\u00f5i muu spetsialist.<\/p>\n\n\n\n<p><a href=\"https:\/\/www.dendroloogia.ee\/index.php\/soovin-hinnapakkumist\/\" target=\"_blank\" rel=\"noreferrer noopener\"><strong>Telli dendroloogiline hinnan<\/strong><\/a><span style=\"text-decoration: underline;\"><a href=\"https:\/\/www.dendroloogia.ee\/index.php\/soovin-hinnapakkumist\/\" target=\"_blank\" rel=\"noreferrer noopener\"><strong>g<\/strong><\/a> <\/span><\/p>\n","protected":false},"excerpt":{"rendered":"<p>Haljastuse inventeerimise (dendroloogilise hinnangu koostamise) vajaduse m\u00e4\u00e4rab \u00fcldjuhul kohalik omavalitsus. 20.06.2020 j\u00f5ustunud \u201eHaljastuse inventeerimise kord\u201c reguleerib puittaimede ja haljastuse inventeerimist Tallinnas. Dendroloogiline hinnang on tavaliselt vajalik detailplaneeringute v\u00f5i ehitusprojektide koostamise koosseisus. Haljastuse inventuur (dendroloogiline hinnang) aitab planeerimise v\u00f5i projekteerimise k\u00e4igus [&hellip;]<\/p>\n","protected":false},"author":1,"featured_media":0,"parent":17,"menu_order":0,"comment_status":"closed","ping_status":"closed","template":"","meta":{"footnotes":""},"yoast_head":"<!-- This site is optimized with the Yoast SEO plugin v21.9.1 - https:\/\/yoast.com\/wordpress\/plugins\/seo\/ -->\n<title>Dendroloogiline hinnang - Dendroloogia<\/title>\n<meta name=\"description\" content=\"Dendroloogiline hindamine (dendroloogiline inventeerimine) aitab planeerimise v\u00f5i projekteerimise k\u00e4igus teha \u00f5igeid otsuseid, leida ehitistele sobivad asukohti, s\u00e4ilitades v\u00e4\u00e4rtuslikku haljastust. K\u00fcsi pakkumist.\" \/>\n<meta name=\"robots\" content=\"index, follow, max-snippet:-1, max-image-preview:large, max-video-preview:-1\" \/>\n<link rel=\"canonical\" href=\"https:\/\/www.dendroloogia.ee\/\" \/>\n<meta name=\"twitter:card\" content=\"summary_large_image\" \/>\n<meta name=\"twitter:title\" content=\"Dendroloogiline hinnang - Dendroloogia\" \/>\n<meta name=\"twitter:description\" content=\"Dendroloogiline hindamine (dendroloogiline inventeerimine) aitab planeerimise v\u00f5i projekteerimise k\u00e4igus teha \u00f5igeid otsuseid, leida ehitistele sobivad asukohti, s\u00e4ilitades v\u00e4\u00e4rtuslikku haljastust. K\u00fcsi pakkumist.\" \/>\n<meta name=\"twitter:label1\" content=\"Estimated reading time\" \/>\n\t<meta name=\"twitter:data1\" content=\"1 minute\" \/>\n<script type=\"application\/ld+json\" class=\"yoast-schema-graph\">{\"@context\":\"https:\/\/schema.org\",\"@graph\":[{\"@type\":\"WebPage\",\"@id\":\"https:\/\/www.dendroloogia.ee\/\",\"url\":\"https:\/\/www.dendroloogia.ee\/\",\"name\":\"Dendroloogiline hinnang - Dendroloogia\",\"isPartOf\":{\"@id\":\"https:\/\/www.dendroloogia.ee\/#website\"},\"datePublished\":\"2020-06-28T18:24:36+00:00\",\"dateModified\":\"2021-11-05T19:21:36+00:00\",\"description\":\"Dendroloogiline hindamine (dendroloogiline inventeerimine) aitab planeerimise v\u00f5i projekteerimise k\u00e4igus teha \u00f5igeid otsuseid, leida ehitistele sobivad asukohti, s\u00e4ilitades v\u00e4\u00e4rtuslikku haljastust. K\u00fcsi pakkumist.\",\"breadcrumb\":{\"@id\":\"https:\/\/www.dendroloogia.ee\/#breadcrumb\"},\"inLanguage\":\"en-GB\",\"potentialAction\":[{\"@type\":\"ReadAction\",\"target\":[\"https:\/\/www.dendroloogia.ee\/\"]}]},{\"@type\":\"BreadcrumbList\",\"@id\":\"https:\/\/www.dendroloogia.ee\/#breadcrumb\",\"itemListElement\":[{\"@type\":\"ListItem\",\"position\":1,\"name\":\"Home\",\"item\":\"https:\/\/www.dendroloogia.ee\/\"},{\"@type\":\"ListItem\",\"position\":2,\"name\":\"Dendroloogia\",\"item\":\"https:\/\/www.dendroloogia.ee\/index.php\/home\/\"},{\"@type\":\"ListItem\",\"position\":3,\"name\":\"Dendroloogiline hinnang\"}]},{\"@type\":\"WebSite\",\"@id\":\"https:\/\/www.dendroloogia.ee\/#website\",\"url\":\"https:\/\/www.dendroloogia.ee\/\",\"name\":\"Dendroloogia\",\"description\":\"\",\"potentialAction\":[{\"@type\":\"SearchAction\",\"target\":{\"@type\":\"EntryPoint\",\"urlTemplate\":\"https:\/\/www.dendroloogia.ee\/?s={search_term_string}\"},\"query-input\":\"required name=search_term_string\"}],\"inLanguage\":\"en-GB\"}]}<\/script>\n<!-- \/ Yoast SEO plugin. -->","yoast_head_json":{"title":"Dendroloogiline hinnang - Dendroloogia","description":"Dendroloogiline hindamine (dendroloogiline inventeerimine) aitab planeerimise v\u00f5i projekteerimise k\u00e4igus teha \u00f5igeid otsuseid, leida ehitistele sobivad asukohti, s\u00e4ilitades v\u00e4\u00e4rtuslikku haljastust. K\u00fcsi pakkumist.","robots":{"index":"index","follow":"follow","max-snippet":"max-snippet:-1","max-image-preview":"max-image-preview:large","max-video-preview":"max-video-preview:-1"},"canonical":"https:\/\/www.dendroloogia.ee\/","twitter_card":"summary_large_image","twitter_title":"Dendroloogiline hinnang - Dendroloogia","twitter_description":"Dendroloogiline hindamine (dendroloogiline inventeerimine) aitab planeerimise v\u00f5i projekteerimise k\u00e4igus teha \u00f5igeid otsuseid, leida ehitistele sobivad asukohti, s\u00e4ilitades v\u00e4\u00e4rtuslikku haljastust. K\u00fcsi pakkumist.","twitter_misc":{"Estimated reading time":"1 minute"},"schema":{"@context":"https:\/\/schema.org","@graph":[{"@type":"WebPage","@id":"https:\/\/www.dendroloogia.ee\/","url":"https:\/\/www.dendroloogia.ee\/","name":"Dendroloogiline hinnang - Dendroloogia","isPartOf":{"@id":"https:\/\/www.dendroloogia.ee\/#website"},"datePublished":"2020-06-28T18:24:36+00:00","dateModified":"2021-11-05T19:21:36+00:00","description":"Dendroloogiline hindamine (dendroloogiline inventeerimine) aitab planeerimise v\u00f5i projekteerimise k\u00e4igus teha \u00f5igeid otsuseid, leida ehitistele sobivad asukohti, s\u00e4ilitades v\u00e4\u00e4rtuslikku haljastust. K\u00fcsi pakkumist.","breadcrumb":{"@id":"https:\/\/www.dendroloogia.ee\/#breadcrumb"},"inLanguage":"en-GB","potentialAction":[{"@type":"ReadAction","target":["https:\/\/www.dendroloogia.ee\/"]}]},{"@type":"BreadcrumbList","@id":"https:\/\/www.dendroloogia.ee\/#breadcrumb","itemListElement":[{"@type":"ListItem","position":1,"name":"Home","item":"https:\/\/www.dendroloogia.ee\/"},{"@type":"ListItem","position":2,"name":"Dendroloogia","item":"https:\/\/www.dendroloogia.ee\/index.php\/home\/"},{"@type":"ListItem","position":3,"name":"Dendroloogiline hinnang"}]},{"@type":"WebSite","@id":"https:\/\/www.dendroloogia.ee\/#website","url":"https:\/\/www.dendroloogia.ee\/","name":"Dendroloogia","description":"","potentialAction":[{"@type":"SearchAction","target":{"@type":"EntryPoint","urlTemplate":"https:\/\/www.dendroloogia.ee\/?s={search_term_string}"},"query-input":"required name=search_term_string"}],"inLanguage":"en-GB"}]}},"_links":{"self":[{"href":"https:\/\/www.dendroloogia.ee\/index.php\/wp-json\/wp\/v2\/pages\/19"}],"collection":[{"href":"https:\/\/www.dendroloogia.ee\/index.php\/wp-json\/wp\/v2\/pages"}],"about":[{"href":"https:\/\/www.dendroloogia.ee\/index.php\/wp-json\/wp\/v2\/types\/page"}],"author":[{"embeddable":true,"href":"https:\/\/www.dendroloogia.ee\/index.php\/wp-json\/wp\/v2\/users\/1"}],"replies":[{"embeddable":true,"href":"https:\/\/www.dendroloogia.ee\/index.php\/wp-json\/wp\/v2\/comments?post=19"}],"version-history":[{"count":17,"href":"https:\/\/www.dendroloogia.ee\/index.php\/wp-json\/wp\/v2\/pages\/19\/revisions"}],"predecessor-version":[{"id":232,"href":"https:\/\/www.dendroloogia.ee\/index.php\/wp-json\/wp\/v2\/pages\/19\/revisions\/232"}],"up":[{"embeddable":true,"href":"https:\/\/www.dendroloogia.ee\/index.php\/wp-json\/wp\/v2\/pages\/17"}],"wp:attachment":[{"href":"https:\/\/www.dendroloogia.ee\/index.php\/wp-json\/wp\/v2\/media?parent=19"}],"curies":[{"name":"wp","href":"https:\/\/api.w.org\/{rel}","templated":true}]}}