{"id":82,"date":"2020-07-23T11:00:29","date_gmt":"2020-07-23T08:00:29","guid":{"rendered":"https:\/\/www.dendroloogia.ee\/wordpress\/?page_id=82"},"modified":"2021-11-08T13:19:13","modified_gmt":"2021-11-08T11:19:13","slug":"kasulikud-viited","status":"publish","type":"page","link":"https:\/\/www.dendroloogia.ee\/index.php\/home\/kasulikud-viited\/","title":{"rendered":"Kasulikud viited"},"content":{"rendered":"\n<p><strong>Kehtivad m\u00e4\u00e4rused<\/strong><br>Haljastuse inventuuri teostamisel on aluseks Tallinna Linnavalitsuse 10.06.2020 a m\u00e4\u00e4rus nr 15<strong> <a rel=\"noreferrer noopener\" href=\"https:\/\/www.riigiteataja.ee\/akt\/417062020004\" target=\"_blank\">Haljastuse inventeerimise kord <\/a><br><\/strong><\/p>\n\n\n\n<p>Likvideeritavate puude asendusistutuste hulga arvutamise aluseks on Tallinna Linnavolikogu 19.05.2011 a m\u00e4\u00e4rus nr 17 <strong><a href=\"https:\/\/www.riigiteataja.ee\/akt\/423022021005\" target=\"_blank\" rel=\"noreferrer noopener\">Raie- ja hooldusl\u00f5ikusloa andmise kord<\/a> <\/strong><\/p>\n\n\n\n<p>Tallinna avalikel aladel puude istutamisel on aluseks Tallinna Linnavalitsuse 28.09.2011 a m\u00e4\u00e4rus nr 112 <a href=\"https:\/\/www.riigiteataja.ee\/akt\/407062013001?leiaKehtiv\" target=\"_blank\" rel=\"noreferrer noopener\"><strong>Avalikule alale puude istutamise kord<\/strong> <\/a><\/p>\n\n\n\n<p>Kaevet\u00f6\u00f6de teostamisel Tallinna avalikel aladel on aluseks Tallinna Linnavolikogu 02.09.2004 a m\u00e4\u00e4rusega nr 32 kinnitatud <a rel=\"noreferrer noopener\" href=\"https:\/\/www.riigiteataja.ee\/akt\/408082013061?leiaKehtiv\" target=\"_blank\"><strong>Tallinna linna kaevet\u00f6\u00f6de eeskiri<\/strong> <\/a><\/p>\n\n\n\n<p><strong>Kehtivad standardid<\/strong><br>EVS 939-1:2020 Puittaimed haljastuses. <a rel=\"noreferrer noopener\" href=\"https:\/\/www.evs.ee\/et\/evs-939-1-2020\" target=\"_blank\"><strong>Osa 1: Terminid ja m\u00e4\u00e4ratlused<\/strong><\/a><br>EVS 939-2:2020 Puittaimed haljastuses. <a href=\"https:\/\/www.evs.ee\/et\/evs-939-2-2020\" target=\"_blank\" rel=\"noreferrer noopener\"><strong>Osa 2: Ilupuude ja -p\u00f5\u00f5saste istikute kvaliteedin\u00f5uded<\/strong><\/a><br>EVS 939-3:2020 Puittaimed haljastuses. <a rel=\"noreferrer noopener\" href=\"https:\/\/www.evs.ee\/et\/evs-939-3-2020\" target=\"_blank\"><strong>Osa 3: Ehitusaegne puude kaitse<\/strong><\/a><br>EVS 939-4:2020 Puittaimed haljastuses. <a rel=\"noreferrer noopener\" href=\"https:\/\/www.evs.ee\/et\/evs-939-4-2020\" target=\"_blank\"><strong>Osa 4: Puuhooldust\u00f6\u00f6d<\/strong><\/a><br><\/p>\n","protected":false},"excerpt":{"rendered":"<p>Kehtivad m\u00e4\u00e4rusedHaljastuse inventuuri teostamisel on aluseks Tallinna Linnavalitsuse 10.06.2020 a m\u00e4\u00e4rus nr 15 Haljastuse inventeerimise kord Likvideeritavate puude asendusistutuste hulga arvutamise aluseks on Tallinna Linnavolikogu 19.05.2011 a m\u00e4\u00e4rus nr 17 Raie- ja hooldusl\u00f5ikusloa andmise kord Tallinna avalikel aladel puude istutamisel [&hellip;]<\/p>\n","protected":false},"author":1,"featured_media":0,"parent":17,"menu_order":0,"comment_status":"closed","ping_status":"closed","template":"","meta":{"footnotes":""},"yoast_head":"<!-- This site is optimized with the Yoast SEO plugin v21.9.1 - https:\/\/yoast.com\/wordpress\/plugins\/seo\/ -->\n<title>Kasulikud viited - Dendroloogia<\/title>\n<meta name=\"description\" content=\"Dendroloogiline hindamine. Puittaimede ja haljastuse inventeerimine. N\u00f5uded puude raieks ja hooldusl\u00f5ikuseks. Ehitusaegne puude kaitse.\" \/>\n<meta name=\"robots\" content=\"index, follow, max-snippet:-1, max-image-preview:large, max-video-preview:-1\" \/>\n<link rel=\"canonical\" href=\"https:\/\/www.dendroloogia.ee\/index.php\/home\/kasulikud-viited\/\" \/>\n<meta name=\"twitter:card\" content=\"summary_large_image\" \/>\n<meta name=\"twitter:title\" content=\"Kasulikud viited - Dendroloogia\" \/>\n<meta name=\"twitter:description\" content=\"Dendroloogiline hindamine. Puittaimede ja haljastuse inventeerimine. N\u00f5uded puude raieks ja hooldusl\u00f5ikuseks. Ehitusaegne puude kaitse.\" \/>\n<meta name=\"twitter:label1\" content=\"Estimated reading time\" \/>\n\t<meta name=\"twitter:data1\" content=\"1 minute\" \/>\n<script type=\"application\/ld+json\" class=\"yoast-schema-graph\">{\"@context\":\"https:\/\/schema.org\",\"@graph\":[{\"@type\":\"WebPage\",\"@id\":\"https:\/\/www.dendroloogia.ee\/index.php\/home\/kasulikud-viited\/\",\"url\":\"https:\/\/www.dendroloogia.ee\/index.php\/home\/kasulikud-viited\/\",\"name\":\"Kasulikud viited - Dendroloogia\",\"isPartOf\":{\"@id\":\"https:\/\/www.dendroloogia.ee\/#website\"},\"datePublished\":\"2020-07-23T08:00:29+00:00\",\"dateModified\":\"2021-11-08T11:19:13+00:00\",\"description\":\"Dendroloogiline hindamine. Puittaimede ja haljastuse inventeerimine. N\u00f5uded puude raieks ja hooldusl\u00f5ikuseks. Ehitusaegne puude kaitse.\",\"breadcrumb\":{\"@id\":\"https:\/\/www.dendroloogia.ee\/index.php\/home\/kasulikud-viited\/#breadcrumb\"},\"inLanguage\":\"en-GB\",\"potentialAction\":[{\"@type\":\"ReadAction\",\"target\":[\"https:\/\/www.dendroloogia.ee\/index.php\/home\/kasulikud-viited\/\"]}]},{\"@type\":\"BreadcrumbList\",\"@id\":\"https:\/\/www.dendroloogia.ee\/index.php\/home\/kasulikud-viited\/#breadcrumb\",\"itemListElement\":[{\"@type\":\"ListItem\",\"position\":1,\"name\":\"Home\",\"item\":\"https:\/\/www.dendroloogia.ee\/\"},{\"@type\":\"ListItem\",\"position\":2,\"name\":\"Dendroloogia\",\"item\":\"https:\/\/www.dendroloogia.ee\/index.php\/home\/\"},{\"@type\":\"ListItem\",\"position\":3,\"name\":\"Kasulikud viited\"}]},{\"@type\":\"WebSite\",\"@id\":\"https:\/\/www.dendroloogia.ee\/#website\",\"url\":\"https:\/\/www.dendroloogia.ee\/\",\"name\":\"Dendroloogia\",\"description\":\"\",\"potentialAction\":[{\"@type\":\"SearchAction\",\"target\":{\"@type\":\"EntryPoint\",\"urlTemplate\":\"https:\/\/www.dendroloogia.ee\/?s={search_term_string}\"},\"query-input\":\"required name=search_term_string\"}],\"inLanguage\":\"en-GB\"}]}<\/script>\n<!-- \/ Yoast SEO plugin. -->","yoast_head_json":{"title":"Kasulikud viited - Dendroloogia","description":"Dendroloogiline hindamine. Puittaimede ja haljastuse inventeerimine. N\u00f5uded puude raieks ja hooldusl\u00f5ikuseks. Ehitusaegne puude kaitse.","robots":{"index":"index","follow":"follow","max-snippet":"max-snippet:-1","max-image-preview":"max-image-preview:large","max-video-preview":"max-video-preview:-1"},"canonical":"https:\/\/www.dendroloogia.ee\/index.php\/home\/kasulikud-viited\/","twitter_card":"summary_large_image","twitter_title":"Kasulikud viited - Dendroloogia","twitter_description":"Dendroloogiline hindamine. Puittaimede ja haljastuse inventeerimine. N\u00f5uded puude raieks ja hooldusl\u00f5ikuseks. Ehitusaegne puude kaitse.","twitter_misc":{"Estimated reading time":"1 minute"},"schema":{"@context":"https:\/\/schema.org","@graph":[{"@type":"WebPage","@id":"https:\/\/www.dendroloogia.ee\/index.php\/home\/kasulikud-viited\/","url":"https:\/\/www.dendroloogia.ee\/index.php\/home\/kasulikud-viited\/","name":"Kasulikud viited - Dendroloogia","isPartOf":{"@id":"https:\/\/www.dendroloogia.ee\/#website"},"datePublished":"2020-07-23T08:00:29+00:00","dateModified":"2021-11-08T11:19:13+00:00","description":"Dendroloogiline hindamine. Puittaimede ja haljastuse inventeerimine. N\u00f5uded puude raieks ja hooldusl\u00f5ikuseks. Ehitusaegne puude kaitse.","breadcrumb":{"@id":"https:\/\/www.dendroloogia.ee\/index.php\/home\/kasulikud-viited\/#breadcrumb"},"inLanguage":"en-GB","potentialAction":[{"@type":"ReadAction","target":["https:\/\/www.dendroloogia.ee\/index.php\/home\/kasulikud-viited\/"]}]},{"@type":"BreadcrumbList","@id":"https:\/\/www.dendroloogia.ee\/index.php\/home\/kasulikud-viited\/#breadcrumb","itemListElement":[{"@type":"ListItem","position":1,"name":"Home","item":"https:\/\/www.dendroloogia.ee\/"},{"@type":"ListItem","position":2,"name":"Dendroloogia","item":"https:\/\/www.dendroloogia.ee\/index.php\/home\/"},{"@type":"ListItem","position":3,"name":"Kasulikud viited"}]},{"@type":"WebSite","@id":"https:\/\/www.dendroloogia.ee\/#website","url":"https:\/\/www.dendroloogia.ee\/","name":"Dendroloogia","description":"","potentialAction":[{"@type":"SearchAction","target":{"@type":"EntryPoint","urlTemplate":"https:\/\/www.dendroloogia.ee\/?s={search_term_string}"},"query-input":"required name=search_term_string"}],"inLanguage":"en-GB"}]}},"_links":{"self":[{"href":"https:\/\/www.dendroloogia.ee\/index.php\/wp-json\/wp\/v2\/pages\/82"}],"collection":[{"href":"https:\/\/www.dendroloogia.ee\/index.php\/wp-json\/wp\/v2\/pages"}],"about":[{"href":"https:\/\/www.dendroloogia.ee\/index.php\/wp-json\/wp\/v2\/types\/page"}],"author":[{"embeddable":true,"href":"https:\/\/www.dendroloogia.ee\/index.php\/wp-json\/wp\/v2\/users\/1"}],"replies":[{"embeddable":true,"href":"https:\/\/www.dendroloogia.ee\/index.php\/wp-json\/wp\/v2\/comments?post=82"}],"version-history":[{"count":9,"href":"https:\/\/www.dendroloogia.ee\/index.php\/wp-json\/wp\/v2\/pages\/82\/revisions"}],"predecessor-version":[{"id":235,"href":"https:\/\/www.dendroloogia.ee\/index.php\/wp-json\/wp\/v2\/pages\/82\/revisions\/235"}],"up":[{"embeddable":true,"href":"https:\/\/www.dendroloogia.ee\/index.php\/wp-json\/wp\/v2\/pages\/17"}],"wp:attachment":[{"href":"https:\/\/www.dendroloogia.ee\/index.php\/wp-json\/wp\/v2\/media?parent=82"}],"curies":[{"name":"wp","href":"https:\/\/api.w.org\/{rel}","templated":true}]}}