{"id":97,"date":"2020-07-23T14:03:11","date_gmt":"2020-07-23T11:03:11","guid":{"rendered":"https:\/\/www.dendroloogia.ee\/wordpress\/?page_id=97"},"modified":"2020-09-14T14:25:28","modified_gmt":"2020-09-14T11:25:28","slug":"soovin-hinnapakkumist","status":"publish","type":"page","link":"https:\/\/www.dendroloogia.ee\/index.php\/soovin-hinnapakkumist\/","title":{"rendered":"Soovin hinnapakkumist"},"content":{"rendered":"\n<p>T\u00e4ida palun allolev vorm ja me v\u00f5tame Sinuga \u00fchendust.<\/p>\n\n\n\n\n<div class=\"wpcf7 no-js\" id=\"wpcf7-f49-o1\" lang=\"en-GB\" dir=\"ltr\">\n<div class=\"screen-reader-response\"><p role=\"status\" aria-live=\"polite\" aria-atomic=\"true\"><\/p> <ul><\/ul><\/div>\n<form action=\"\/index.php\/wp-json\/wp\/v2\/pages\/97#wpcf7-f49-o1\" method=\"post\" class=\"wpcf7-form init\" aria-label=\"Contact form\" novalidate=\"novalidate\" data-status=\"init\">\n<div style=\"display: none;\">\n<input type=\"hidden\" name=\"_wpcf7\" value=\"49\" \/>\n<input type=\"hidden\" name=\"_wpcf7_version\" value=\"5.7.4\" \/>\n<input type=\"hidden\" name=\"_wpcf7_locale\" value=\"en_GB\" \/>\n<input type=\"hidden\" name=\"_wpcf7_unit_tag\" value=\"wpcf7-f49-o1\" \/>\n<input type=\"hidden\" name=\"_wpcf7_container_post\" value=\"0\" \/>\n<input type=\"hidden\" name=\"_wpcf7_posted_data_hash\" value=\"\" \/>\n<input type=\"hidden\" name=\"_wpcf7_recaptcha_response\" value=\"\" \/>\n<\/div>\n<p><label> Nimi (n\u00f5utav)<br \/>\n<span class=\"wpcf7-form-control-wrap\" data-name=\"your-name\"><input size=\"40\" class=\"wpcf7-form-control wpcf7-text wpcf7-validates-as-required\" aria-required=\"true\" aria-invalid=\"false\" value=\"\" type=\"text\" name=\"your-name\" \/><\/span> <\/label><br \/>\n<label> E-post (n\u00f5utav)<br \/>\n<span class=\"wpcf7-form-control-wrap\" data-name=\"your-email\"><input size=\"40\" class=\"wpcf7-form-control wpcf7-text wpcf7-email wpcf7-validates-as-required wpcf7-validates-as-email\" aria-required=\"true\" aria-invalid=\"false\" value=\"\" type=\"email\" name=\"your-email\" \/><\/span> <\/label><br \/>\n<label> Teema<br \/>\n<span class=\"wpcf7-form-control-wrap\" data-name=\"your-subject\"><input size=\"40\" class=\"wpcf7-form-control wpcf7-text\" aria-invalid=\"false\" value=\"\" type=\"text\" name=\"your-subject\" \/><\/span> <\/label><br \/>\n<label> S\u00f5num<br \/>\n<span class=\"wpcf7-form-control-wrap\" data-name=\"your-message\"><textarea cols=\"40\" rows=\"10\" class=\"wpcf7-form-control wpcf7-textarea\" aria-invalid=\"false\" name=\"your-message\"><\/textarea><\/span> <\/label><br \/>\n<input class=\"wpcf7-form-control has-spinner wpcf7-submit\" type=\"submit\" value=\"Saada\" \/>\n<\/p><div class=\"wpcf7-response-output\" aria-hidden=\"true\"><\/div>\n<\/form>\n<\/div>\n\n\n\n\n<p><\/p>\n","protected":false},"excerpt":{"rendered":"<p>T\u00e4ida palun allolev vorm ja me v\u00f5tame Sinuga \u00fchendust.<\/p>\n","protected":false},"author":1,"featured_media":0,"parent":0,"menu_order":0,"comment_status":"closed","ping_status":"closed","template":"","meta":{"footnotes":""},"yoast_head":"<!-- This site is optimized with the Yoast SEO plugin v21.9.1 - https:\/\/yoast.com\/wordpress\/plugins\/seo\/ -->\n<title>Soovin hinnapakkumist - Dendroloogia<\/title>\n<meta name=\"description\" content=\"Dendroloogilise hindamise tellimine. Aitame planeerimise v\u00f5i projekteerimise k\u00e4igus leida ehitistele sobivad asukohti, s\u00e4ilitades v\u00e4\u00e4rtuslikku haljastust. K\u00fcsi hinnapakkumist.\" \/>\n<meta name=\"robots\" content=\"index, follow, max-snippet:-1, max-image-preview:large, max-video-preview:-1\" \/>\n<link rel=\"canonical\" href=\"https:\/\/www.dendroloogia.ee\/index.php\/soovin-hinnapakkumist\/\" \/>\n<meta name=\"twitter:card\" content=\"summary_large_image\" \/>\n<meta name=\"twitter:title\" content=\"Soovin hinnapakkumist - Dendroloogia\" \/>\n<meta name=\"twitter:description\" content=\"Dendroloogilise hindamise tellimine. Aitame planeerimise v\u00f5i projekteerimise k\u00e4igus leida ehitistele sobivad asukohti, s\u00e4ilitades v\u00e4\u00e4rtuslikku haljastust. K\u00fcsi hinnapakkumist.\" \/>\n<script type=\"application\/ld+json\" class=\"yoast-schema-graph\">{\"@context\":\"https:\/\/schema.org\",\"@graph\":[{\"@type\":\"WebPage\",\"@id\":\"https:\/\/www.dendroloogia.ee\/index.php\/soovin-hinnapakkumist\/\",\"url\":\"https:\/\/www.dendroloogia.ee\/index.php\/soovin-hinnapakkumist\/\",\"name\":\"Soovin hinnapakkumist - Dendroloogia\",\"isPartOf\":{\"@id\":\"https:\/\/www.dendroloogia.ee\/#website\"},\"datePublished\":\"2020-07-23T11:03:11+00:00\",\"dateModified\":\"2020-09-14T11:25:28+00:00\",\"description\":\"Dendroloogilise hindamise tellimine. Aitame planeerimise v\u00f5i projekteerimise k\u00e4igus leida ehitistele sobivad asukohti, s\u00e4ilitades v\u00e4\u00e4rtuslikku haljastust. K\u00fcsi hinnapakkumist.\",\"breadcrumb\":{\"@id\":\"https:\/\/www.dendroloogia.ee\/index.php\/soovin-hinnapakkumist\/#breadcrumb\"},\"inLanguage\":\"en-GB\",\"potentialAction\":[{\"@type\":\"ReadAction\",\"target\":[\"https:\/\/www.dendroloogia.ee\/index.php\/soovin-hinnapakkumist\/\"]}]},{\"@type\":\"BreadcrumbList\",\"@id\":\"https:\/\/www.dendroloogia.ee\/index.php\/soovin-hinnapakkumist\/#breadcrumb\",\"itemListElement\":[{\"@type\":\"ListItem\",\"position\":1,\"name\":\"Home\",\"item\":\"https:\/\/www.dendroloogia.ee\/\"},{\"@type\":\"ListItem\",\"position\":2,\"name\":\"Soovin hinnapakkumist\"}]},{\"@type\":\"WebSite\",\"@id\":\"https:\/\/www.dendroloogia.ee\/#website\",\"url\":\"https:\/\/www.dendroloogia.ee\/\",\"name\":\"Dendroloogia\",\"description\":\"\",\"potentialAction\":[{\"@type\":\"SearchAction\",\"target\":{\"@type\":\"EntryPoint\",\"urlTemplate\":\"https:\/\/www.dendroloogia.ee\/?s={search_term_string}\"},\"query-input\":\"required name=search_term_string\"}],\"inLanguage\":\"en-GB\"}]}<\/script>\n<!-- \/ Yoast SEO plugin. -->","yoast_head_json":{"title":"Soovin hinnapakkumist - Dendroloogia","description":"Dendroloogilise hindamise tellimine. Aitame planeerimise v\u00f5i projekteerimise k\u00e4igus leida ehitistele sobivad asukohti, s\u00e4ilitades v\u00e4\u00e4rtuslikku haljastust. K\u00fcsi hinnapakkumist.","robots":{"index":"index","follow":"follow","max-snippet":"max-snippet:-1","max-image-preview":"max-image-preview:large","max-video-preview":"max-video-preview:-1"},"canonical":"https:\/\/www.dendroloogia.ee\/index.php\/soovin-hinnapakkumist\/","twitter_card":"summary_large_image","twitter_title":"Soovin hinnapakkumist - Dendroloogia","twitter_description":"Dendroloogilise hindamise tellimine. Aitame planeerimise v\u00f5i projekteerimise k\u00e4igus leida ehitistele sobivad asukohti, s\u00e4ilitades v\u00e4\u00e4rtuslikku haljastust. K\u00fcsi hinnapakkumist.","schema":{"@context":"https:\/\/schema.org","@graph":[{"@type":"WebPage","@id":"https:\/\/www.dendroloogia.ee\/index.php\/soovin-hinnapakkumist\/","url":"https:\/\/www.dendroloogia.ee\/index.php\/soovin-hinnapakkumist\/","name":"Soovin hinnapakkumist - Dendroloogia","isPartOf":{"@id":"https:\/\/www.dendroloogia.ee\/#website"},"datePublished":"2020-07-23T11:03:11+00:00","dateModified":"2020-09-14T11:25:28+00:00","description":"Dendroloogilise hindamise tellimine. Aitame planeerimise v\u00f5i projekteerimise k\u00e4igus leida ehitistele sobivad asukohti, s\u00e4ilitades v\u00e4\u00e4rtuslikku haljastust. K\u00fcsi hinnapakkumist.","breadcrumb":{"@id":"https:\/\/www.dendroloogia.ee\/index.php\/soovin-hinnapakkumist\/#breadcrumb"},"inLanguage":"en-GB","potentialAction":[{"@type":"ReadAction","target":["https:\/\/www.dendroloogia.ee\/index.php\/soovin-hinnapakkumist\/"]}]},{"@type":"BreadcrumbList","@id":"https:\/\/www.dendroloogia.ee\/index.php\/soovin-hinnapakkumist\/#breadcrumb","itemListElement":[{"@type":"ListItem","position":1,"name":"Home","item":"https:\/\/www.dendroloogia.ee\/"},{"@type":"ListItem","position":2,"name":"Soovin hinnapakkumist"}]},{"@type":"WebSite","@id":"https:\/\/www.dendroloogia.ee\/#website","url":"https:\/\/www.dendroloogia.ee\/","name":"Dendroloogia","description":"","potentialAction":[{"@type":"SearchAction","target":{"@type":"EntryPoint","urlTemplate":"https:\/\/www.dendroloogia.ee\/?s={search_term_string}"},"query-input":"required name=search_term_string"}],"inLanguage":"en-GB"}]}},"_links":{"self":[{"href":"https:\/\/www.dendroloogia.ee\/index.php\/wp-json\/wp\/v2\/pages\/97"}],"collection":[{"href":"https:\/\/www.dendroloogia.ee\/index.php\/wp-json\/wp\/v2\/pages"}],"about":[{"href":"https:\/\/www.dendroloogia.ee\/index.php\/wp-json\/wp\/v2\/types\/page"}],"author":[{"embeddable":true,"href":"https:\/\/www.dendroloogia.ee\/index.php\/wp-json\/wp\/v2\/users\/1"}],"replies":[{"embeddable":true,"href":"https:\/\/www.dendroloogia.ee\/index.php\/wp-json\/wp\/v2\/comments?post=97"}],"version-history":[{"count":2,"href":"https:\/\/www.dendroloogia.ee\/index.php\/wp-json\/wp\/v2\/pages\/97\/revisions"}],"predecessor-version":[{"id":113,"href":"https:\/\/www.dendroloogia.ee\/index.php\/wp-json\/wp\/v2\/pages\/97\/revisions\/113"}],"wp:attachment":[{"href":"https:\/\/www.dendroloogia.ee\/index.php\/wp-json\/wp\/v2\/media?parent=97"}],"curies":[{"name":"wp","href":"https:\/\/api.w.org\/{rel}","templated":true}]}}